{"id":29825,"date":"2022-02-09T08:53:39","date_gmt":"2022-02-09T07:53:39","guid":{"rendered":"https:\/\/www.cioff.ch\/startseite\/"},"modified":"2022-02-09T08:53:40","modified_gmt":"2022-02-09T07:53:40","slug":"startseite","status":"publish","type":"page","link":"https:\/\/www.cioff.ch\/de\/","title":{"rendered":"STARTSEITE"},"content":{"rendered":"<p>[et_pb_section fb_built=&#8220;1&#8243; fullwidth=&#8220;on&#8220; module_id=&#8220;home&#8220; _builder_version=&#8220;3.22.3&#8243; custom_padding=&#8220;0|0px|0|0px|false|false&#8220; filter_opacity=&#8220;80%&#8220; transparent_background=&#8220;off&#8220; global_colors_info=&#8220;{}&#8220;][et_pb_fullwidth_slider _builder_version=&#8220;3.22.7&#8243; header_font=&#8220;||||||||&#8220; header_font_size=&#8220;40px&#8220; body_font=&#8220;||||||||&#8220; background_position=&#8220;top_left&#8220; custom_padding=&#8220;|||&#8220; custom_padding_tablet=&#8220;|||&#8220; custom_padding_phone=&#8220;|||&#8220; animation_style=&#8220;fade&#8220; auto=&#8220;on&#8220; button_border_radius_hover=&#8220;0&#8243; button_letter_spacing_hover=&#8220;0&#8243; remove_inner_shadow=&#8220;on&#8220; hide_content_on_mobile=&#8220;off&#8220; hide_cta_on_mobile=&#8220;off&#8220; show_inner_shadow=&#8220;off&#8220; global_colors_info=&#8220;{}&#8220; button_text_size__hover_enabled=&#8220;off&#8220; button_one_text_size__hover_enabled=&#8220;off&#8220; button_two_text_size__hover_enabled=&#8220;off&#8220; button_text_color__hover_enabled=&#8220;off&#8220; button_one_text_color__hover_enabled=&#8220;off&#8220; button_two_text_color__hover_enabled=&#8220;off&#8220; button_border_width__hover_enabled=&#8220;off&#8220; button_one_border_width__hover_enabled=&#8220;off&#8220; button_two_border_width__hover_enabled=&#8220;off&#8220; button_border_color__hover_enabled=&#8220;off&#8220; button_one_border_color__hover_enabled=&#8220;off&#8220; button_two_border_color__hover_enabled=&#8220;off&#8220; button_border_radius__hover_enabled=&#8220;on&#8220; button_border_radius__hover=&#8220;0&#8243; button_one_border_radius__hover_enabled=&#8220;off&#8220; button_two_border_radius__hover_enabled=&#8220;off&#8220; button_letter_spacing__hover_enabled=&#8220;on&#8220; button_letter_spacing__hover=&#8220;0&#8243; button_one_letter_spacing__hover_enabled=&#8220;off&#8220; button_two_letter_spacing__hover_enabled=&#8220;off&#8220; button_bg_color__hover_enabled=&#8220;off&#8220; button_one_bg_color__hover_enabled=&#8220;off&#8220; button_two_bg_color__hover_enabled=&#8220;off&#8220;][et_pb_slide heading=&#8220;CIOFF SCHWEIZ&#8220; button_link=&#8220;#about&#8220; use_bg_overlay=&#8220;on&#8220; bg_overlay_color=&#8220;rgba(0,0,0,0.5)&#8220; use_text_overlay=&#8220;off&#8220; _builder_version=&#8220;3.22.7&#8243; header_font=&#8220;|700|||||||&#8220; header_font_size=&#8220;60px&#8220; body_font=&#8220;||||||||&#8220; body_font_size=&#8220;22px&#8220; body_line_height=&#8220;1.5em&#8220; background_color=&#8220;#000000&#8243; background_image=&#8220;http:\/\/new.cioff.ch\/wp-content\/uploads\/2018\/10\/27342024231_f89c15ce58_o.jpg&#8220; custom_button=&#8220;on&#8220; button_text_size=&#8220;16px&#8220; button_text_color=&#8220;#ffffff&#8220; button_border_color=&#8220;#ffffff&#8220; button_font=&#8220;||||&#8220; button_use_icon=&#8220;off&#8220; header_font_size_tablet=&#8220;80px&#8220; header_font_size_phone=&#8220;50px&#8220; header_font_size_last_edited=&#8220;on|phone&#8220; body_font_size_tablet=&#8220;&#8220; body_font_size_phone=&#8220;&#8220; body_font_size_last_edited=&#8220;on|tablet&#8220; body_line_height_tablet=&#8220;1.5em&#8220; body_line_height_phone=&#8220;1.5em&#8220; button_text_size_tablet=&#8220;16px&#8220; button_text_size_phone=&#8220;16px&#8220; button_text_size_last_edited=&#8220;on|desktop&#8220; button_text_color_hover=&#8220;#666666&#8243; button_bg_color_hover=&#8220;#ffffff&#8220; video_bg_mp4=&#8220;\/wp-content\/uploads\/2017\/02\/Office-Day-1080p.mp4&#8243; video_bg_webm=&#8220;\/wp-content\/uploads\/2017\/02\/Office-Day-1080p.webm&#8220; global_colors_info=&#8220;{}&#8220; button_text_size__hover_enabled=&#8220;off&#8220; button_one_text_size__hover_enabled=&#8220;off&#8220; button_two_text_size__hover_enabled=&#8220;off&#8220; button_text_color__hover_enabled=&#8220;on&#8220; button_text_color__hover=&#8220;#666666&#8243; button_one_text_color__hover_enabled=&#8220;off&#8220; button_two_text_color__hover_enabled=&#8220;off&#8220; button_border_width__hover_enabled=&#8220;off&#8220; button_one_border_width__hover_enabled=&#8220;off&#8220; button_two_border_width__hover_enabled=&#8220;off&#8220; button_border_color__hover_enabled=&#8220;off&#8220; button_one_border_color__hover_enabled=&#8220;off&#8220; button_two_border_color__hover_enabled=&#8220;off&#8220; button_border_radius__hover_enabled=&#8220;off&#8220; button_one_border_radius__hover_enabled=&#8220;off&#8220; button_two_border_radius__hover_enabled=&#8220;off&#8220; button_letter_spacing__hover_enabled=&#8220;off&#8220; button_one_letter_spacing__hover_enabled=&#8220;off&#8220; button_two_letter_spacing__hover_enabled=&#8220;off&#8220; button_bg_color__hover_enabled=&#8220;on&#8220; button_bg_color__hover=&#8220;#ffffff&#8220; button_one_bg_color__hover_enabled=&#8220;off&#8220; button_two_bg_color__hover_enabled=&#8220;off&#8220; sticky_transition=&#8220;on&#8220;]<\/p>\n<p>Bewahrung unseres kulturellen Erbes<\/p>\n<p>[\/et_pb_slide][et_pb_slide heading=&#8220;CIOFF SCHWEIZ&#8220; button_link=&#8220;#about&#8220; use_bg_overlay=&#8220;on&#8220; bg_overlay_color=&#8220;rgba(0,0,0,0.5)&#8220; use_text_overlay=&#8220;off&#8220; _builder_version=&#8220;3.22.7&#8243; header_font=&#8220;|700|||||||&#8220; header_font_size=&#8220;60px&#8220; body_font=&#8220;||||||||&#8220; body_font_size=&#8220;22px&#8220; body_line_height=&#8220;1.5em&#8220; background_color=&#8220;#000000&#8243; background_image=&#8220;http:\/\/new.cioff.ch\/wp-content\/uploads\/2018\/10\/27137654280_bb0e46cebe_b.jpg&#8220; custom_button=&#8220;on&#8220; button_text_size=&#8220;16px&#8220; button_text_color=&#8220;#ffffff&#8220; button_border_color=&#8220;#ffffff&#8220; button_font=&#8220;||||&#8220; button_use_icon=&#8220;off&#8220; header_font_size_tablet=&#8220;80px&#8220; header_font_size_phone=&#8220;50px&#8220; header_font_size_last_edited=&#8220;on|phone&#8220; body_font_size_tablet=&#8220;&#8220; body_font_size_phone=&#8220;&#8220; body_font_size_last_edited=&#8220;on|tablet&#8220; body_line_height_tablet=&#8220;1.5em&#8220; body_line_height_phone=&#8220;1.5em&#8220; button_text_size_tablet=&#8220;16px&#8220; button_text_size_phone=&#8220;16px&#8220; button_text_size_last_edited=&#8220;on|desktop&#8220; button_text_color_hover=&#8220;#666666&#8243; button_bg_color_hover=&#8220;#ffffff&#8220; video_bg_mp4=&#8220;\/wp-content\/uploads\/2017\/02\/Office-Day-1080p.mp4&#8243; video_bg_webm=&#8220;\/wp-content\/uploads\/2017\/02\/Office-Day-1080p.webm&#8220; global_colors_info=&#8220;{}&#8220; button_text_size__hover_enabled=&#8220;off&#8220; button_one_text_size__hover_enabled=&#8220;off&#8220; button_two_text_size__hover_enabled=&#8220;off&#8220; button_text_color__hover_enabled=&#8220;on&#8220; button_text_color__hover=&#8220;#666666&#8243; button_one_text_color__hover_enabled=&#8220;off&#8220; button_two_text_color__hover_enabled=&#8220;off&#8220; button_border_width__hover_enabled=&#8220;off&#8220; button_one_border_width__hover_enabled=&#8220;off&#8220; button_two_border_width__hover_enabled=&#8220;off&#8220; button_border_color__hover_enabled=&#8220;off&#8220; button_one_border_color__hover_enabled=&#8220;off&#8220; button_two_border_color__hover_enabled=&#8220;off&#8220; button_border_radius__hover_enabled=&#8220;off&#8220; button_one_border_radius__hover_enabled=&#8220;off&#8220; button_two_border_radius__hover_enabled=&#8220;off&#8220; button_letter_spacing__hover_enabled=&#8220;off&#8220; button_one_letter_spacing__hover_enabled=&#8220;off&#8220; button_two_letter_spacing__hover_enabled=&#8220;off&#8220; button_bg_color__hover_enabled=&#8220;on&#8220; button_bg_color__hover=&#8220;#ffffff&#8220; button_one_bg_color__hover_enabled=&#8220;off&#8220; button_two_bg_color__hover_enabled=&#8220;off&#8220; sticky_transition=&#8220;on&#8220;]<\/p>\n<p>Bewahrung unseres kulturellen Erbes<\/p>\n<p>[\/et_pb_slide][et_pb_slide heading=&#8220;CIOFF SCHWEIZ&#8220; button_link=&#8220;#about&#8220; use_bg_overlay=&#8220;on&#8220; bg_overlay_color=&#8220;rgba(0,0,0,0.5)&#8220; use_text_overlay=&#8220;off&#8220; _builder_version=&#8220;3.22.7&#8243; header_font=&#8220;|700|||||||&#8220; header_font_size=&#8220;60px&#8220; body_font=&#8220;||||||||&#8220; body_font_size=&#8220;22px&#8220; body_line_height=&#8220;1.5em&#8220; background_color=&#8220;#000000&#8243; background_image=&#8220;http:\/\/new.cioff.ch\/wp-content\/uploads\/2018\/10\/POL119C.jpg&#8220; background_position=&#8220;center_left&#8220; custom_button=&#8220;on&#8220; button_text_size=&#8220;16px&#8220; button_text_color=&#8220;#ffffff&#8220; button_border_color=&#8220;#ffffff&#8220; button_font=&#8220;||||&#8220; button_use_icon=&#8220;off&#8220; header_font_size_tablet=&#8220;80px&#8220; header_font_size_phone=&#8220;50px&#8220; header_font_size_last_edited=&#8220;on|phone&#8220; body_font_size_tablet=&#8220;&#8220; body_font_size_phone=&#8220;&#8220; body_font_size_last_edited=&#8220;on|tablet&#8220; body_line_height_tablet=&#8220;1.5em&#8220; body_line_height_phone=&#8220;1.5em&#8220; button_text_size_tablet=&#8220;16px&#8220; button_text_size_phone=&#8220;16px&#8220; button_text_size_last_edited=&#8220;on|desktop&#8220; button_text_color_hover=&#8220;#666666&#8243; button_bg_color_hover=&#8220;#ffffff&#8220; video_bg_mp4=&#8220;\/wp-content\/uploads\/2017\/02\/Office-Day-1080p.mp4&#8243; video_bg_webm=&#8220;\/wp-content\/uploads\/2017\/02\/Office-Day-1080p.webm&#8220; global_colors_info=&#8220;{}&#8220; button_text_size__hover_enabled=&#8220;off&#8220; button_one_text_size__hover_enabled=&#8220;off&#8220; button_two_text_size__hover_enabled=&#8220;off&#8220; button_text_color__hover_enabled=&#8220;on&#8220; button_text_color__hover=&#8220;#666666&#8243; button_one_text_color__hover_enabled=&#8220;off&#8220; button_two_text_color__hover_enabled=&#8220;off&#8220; button_border_width__hover_enabled=&#8220;off&#8220; button_one_border_width__hover_enabled=&#8220;off&#8220; button_two_border_width__hover_enabled=&#8220;off&#8220; button_border_color__hover_enabled=&#8220;off&#8220; button_one_border_color__hover_enabled=&#8220;off&#8220; button_two_border_color__hover_enabled=&#8220;off&#8220; button_border_radius__hover_enabled=&#8220;off&#8220; button_one_border_radius__hover_enabled=&#8220;off&#8220; button_two_border_radius__hover_enabled=&#8220;off&#8220; button_letter_spacing__hover_enabled=&#8220;off&#8220; button_one_letter_spacing__hover_enabled=&#8220;off&#8220; button_two_letter_spacing__hover_enabled=&#8220;off&#8220; button_bg_color__hover_enabled=&#8220;on&#8220; button_bg_color__hover=&#8220;#ffffff&#8220; button_one_bg_color__hover_enabled=&#8220;off&#8220; button_two_bg_color__hover_enabled=&#8220;off&#8220; sticky_transition=&#8220;on&#8220;]<\/p>\n<p>Bewahrung unseres kulturellen Erbes<\/p>\n<p>[\/et_pb_slide][\/et_pb_fullwidth_slider][\/et_pb_section][et_pb_section fb_built=&#8220;1&#8243; custom_padding_last_edited=&#8220;on|desktop&#8220; admin_label=&#8220;section&#8220; module_id=&#8220;about&#8220; _builder_version=&#8220;3.22.3&#8243; custom_padding=&#8220;0px|0px|0px|0px&#8220; custom_padding_tablet=&#8220;&#8220; custom_padding_phone=&#8220;&#8220; transparent_background=&#8220;off&#8220; global_colors_info=&#8220;{}&#8220;][et_pb_row custom_padding_last_edited=&#8220;on|phone&#8220; _builder_version=&#8220;3.25&#8243; background_size=&#8220;initial&#8220; background_position=&#8220;top_left&#8220; background_repeat=&#8220;repeat&#8220; custom_padding=&#8220;50px|180px|0|180px|false|false&#8220; custom_padding_tablet=&#8220;100px|100px|100px|100px&#8220; custom_padding_phone=&#8220;100px|20px|100px|20px&#8220; global_colors_info=&#8220;{}&#8220;][et_pb_column type=&#8220;4_4&#8243; _builder_version=&#8220;3.25&#8243; custom_padding=&#8220;|||&#8220; global_colors_info=&#8220;{}&#8220; custom_padding__hover=&#8220;|||&#8220;][et_pb_text _builder_version=&#8220;4.14.1&#8243; text_line_height=&#8220;1.5em&#8220; background_size=&#8220;initial&#8220; background_position=&#8220;top_left&#8220; background_repeat=&#8220;repeat&#8220; text_orientation=&#8220;center&#8220; module_alignment=&#8220;center&#8220; custom_margin=&#8220;|||&#8220; hover_enabled=&#8220;0&#8243; use_border_color=&#8220;off&#8220; border_style=&#8220;solid&#8220; global_colors_info=&#8220;{}&#8220; header_font_size=&#8220;34px&#8220; text_font_size=&#8220;20px&#8220; sticky_enabled=&#8220;0&#8243;]<\/p>\n<h1 style=\"text-align: center;\">IN BEZUG AUF<\/h1>\n<p class=\"texte_central\">CIOFF\u00ae, Partner der UNESCO, ist eine internationale Kultur-NGO, die in rund 90 L\u00e4ndern aktiv ist.<\/p>\n<p class=\"texte_central\">CIOFF\u00ae Schweiz, Gr\u00fcndungsmitglied von CIOFF\u00ae im Jahr 1970, bezweckt die Identifizierung, F\u00f6rderung, Verbreitung und Sicherung des immateriellen Kulturerbes durch Ausdrucksformen wie Musik, Tanz, Gesang, Br\u00e4uche, traditionelle Spiele sowie das Know-how von Handwerkskunst und regionale K\u00fcche.<\/p>\n<p class=\"texte_central\">Im Mittelpunkt ihres Aktionsprogramms steht die Umsetzung der UNESCO-Konvention zur Bewahrung des immateriellen Kulturerbes.<\/p>\n<p>[\/et_pb_text][\/et_pb_column][\/et_pb_row][et_pb_row _builder_version=&#8220;3.25&#8243; custom_padding=&#8220;27px|0px|0|0px|false|false&#8220; global_colors_info=&#8220;{}&#8220;][et_pb_column type=&#8220;4_4&#8243; _builder_version=&#8220;3.25&#8243; custom_padding=&#8220;|||&#8220; global_colors_info=&#8220;{}&#8220; custom_padding__hover=&#8220;|||&#8220;][et_pb_text _builder_version=&#8220;4.14.1&#8243; text_font=&#8220;||||||||&#8220; header_font=&#8220;||||||||&#8220; header_2_font=&#8220;||||||||&#8220; header_3_font=&#8220;||||||||&#8220; hover_enabled=&#8220;0&#8243; global_colors_info=&#8220;{}&#8220; text_font_size=&#8220;24px&#8220; sticky_enabled=&#8220;0&#8243;]<\/p>\n<p style=\"text-align: center;\">Wir sind auf Facebook pr\u00e4sent. Folge uns!<\/p>\n<p>[\/et_pb_text][\/et_pb_column][\/et_pb_row][et_pb_row _builder_version=&#8220;3.25&#8243; custom_padding=&#8220;10px|0px|20px|0px|false|false&#8220; global_colors_info=&#8220;{}&#8220;][et_pb_column type=&#8220;4_4&#8243; _builder_version=&#8220;3.25&#8243; custom_padding=&#8220;|||&#8220; global_colors_info=&#8220;{}&#8220; custom_padding__hover=&#8220;|||&#8220;][et_pb_social_media_follow follow_button=&#8220;on&#8220; _builder_version=&#8220;4.14.1&#8243; text_orientation=&#8220;center&#8220; hover_enabled=&#8220;0&#8243; global_colors_info=&#8220;{}&#8220; use_icon_font_size=&#8220;on&#8220; icon_font_size=&#8220;24px&#8220; sticky_enabled=&#8220;0&#8243;][et_pb_social_media_follow_network social_network=&#8220;facebook&#8220; url=&#8220;https:\/\/www.facebook.com\/CIOFFSwitzerland\/&#8220; _builder_version=&#8220;4.14.1&#8243; background_color=&#8220;#3b5998&#8243; hover_enabled=&#8220;0&#8243; global_colors_info=&#8220;{}&#8220; follow_button=&#8220;on&#8220; url_new_window=&#8220;on&#8220; sticky_enabled=&#8220;0&#8243;]facebook[\/et_pb_social_media_follow_network][\/et_pb_social_media_follow][\/et_pb_column][\/et_pb_row][\/et_pb_section][et_pb_section fb_built=&#8220;1&#8243; _builder_version=&#8220;3.22.3&#8243; background_color=&#8220;#0c71c3&#8243; global_colors_info=&#8220;{}&#8220;][et_pb_row _builder_version=&#8220;3.25&#8243; custom_padding=&#8220;0|0px|27px|0px|false|false&#8220; global_colors_info=&#8220;{}&#8220;][et_pb_column type=&#8220;4_4&#8243; _builder_version=&#8220;3.25&#8243; custom_padding=&#8220;|||&#8220; global_colors_info=&#8220;{}&#8220; custom_padding__hover=&#8220;|||&#8220;][et_pb_text _builder_version=&#8220;3.27.4&#8243; text_font=&#8220;||||||||&#8220; text_text_color=&#8220;#ffffff&#8220; header_font=&#8220;||||||||&#8220; header_text_align=&#8220;center&#8220; header_text_color=&#8220;#ffffff&#8220; global_colors_info=&#8220;{}&#8220;]<\/p>\n<h1>AKTIVIT\u00c4TEN UND NACHRICHTEN<\/h1>\n<p>[\/et_pb_text][\/et_pb_column][\/et_pb_row][et_pb_row _builder_version=&#8220;3.25&#8243; custom_padding=&#8220;0|0px|0|0px|false|false&#8220; global_colors_info=&#8220;{}&#8220;][et_pb_column type=&#8220;4_4&#8243; _builder_version=&#8220;3.25&#8243; custom_padding=&#8220;|||&#8220; global_colors_info=&#8220;{}&#8220; custom_padding__hover=&#8220;|||&#8220;][et_pb_blog fullwidth=&#8220;off&#8220; posts_number=&#8220;3&#8243; show_author=&#8220;off&#8220; show_categories=&#8220;off&#8220; show_pagination=&#8220;off&#8220; _builder_version=&#8220;4.14.1&#8243; hover_enabled=&#8220;0&#8243; border_radii=&#8220;on|10px|10px|10px|10px&#8220; border_color_all=&#8220;#0c71c3&#8243; global_colors_info=&#8220;{}&#8220; header_font_size=&#8220;22px&#8220; body_font_size=&#8220;20px&#8220; meta_font_size=&#8220;18px&#8220; sticky_enabled=&#8220;0&#8243;][\/et_pb_blog][\/et_pb_column][\/et_pb_row][\/et_pb_section]<\/p>\n","protected":false},"excerpt":{"rendered":"<p>Bewahrung unseres kulturellen ErbesBewahrung unseres kulturellen ErbesBewahrung unseres kulturellen ErbesIN BEZUG AUF CIOFF\u00ae, Partner der UNESCO, ist eine internationale Kultur-NGO, die in rund 90 L\u00e4ndern aktiv ist. CIOFF\u00ae Schweiz, Gr\u00fcndungsmitglied [&hellip;]<\/p>\n","protected":false},"author":1,"featured_media":0,"parent":0,"menu_order":0,"comment_status":"closed","ping_status":"closed","template":"","meta":{"_et_pb_use_builder":"on","_et_pb_old_content":"","_et_gb_content_width":"","footnotes":""},"class_list":["post-29825","page","type-page","status-publish","hentry"],"yoast_head":"<!-- This site is optimized with the Yoast SEO plugin v24.5 - https:\/\/yoast.com\/wordpress\/plugins\/seo\/ -->\n<title>STARTSEITE | CIOFF\u00ae Suisse<\/title>\n<meta name=\"robots\" content=\"index, follow, max-snippet:-1, max-image-preview:large, max-video-preview:-1\" \/>\n<link rel=\"canonical\" href=\"https:\/\/www.cioff.ch\/de\/\" \/>\n<meta property=\"og:locale\" content=\"de_DE\" \/>\n<meta property=\"og:type\" content=\"article\" \/>\n<meta property=\"og:title\" content=\"STARTSEITE | CIOFF\u00ae Suisse\" \/>\n<meta property=\"og:description\" content=\"Bewahrung unseres kulturellen ErbesBewahrung unseres kulturellen ErbesBewahrung unseres kulturellen ErbesIN BEZUG AUF CIOFF\u00ae, Partner der UNESCO, ist eine internationale Kultur-NGO, die in rund 90 L\u00e4ndern aktiv ist. CIOFF\u00ae Schweiz, Gr\u00fcndungsmitglied [&hellip;]\" \/>\n<meta property=\"og:url\" content=\"https:\/\/www.cioff.ch\/de\/\" \/>\n<meta property=\"og:site_name\" content=\"CIOFF\u00ae Suisse\" \/>\n<meta property=\"article:publisher\" content=\"https:\/\/www.facebook.com\/CIOFFSwitzerland\/\" \/>\n<meta property=\"article:modified_time\" content=\"2022-02-09T07:53:40+00:00\" \/>\n<meta name=\"twitter:card\" content=\"summary_large_image\" \/>\n<meta name=\"twitter:label1\" content=\"Gesch\u00e4tzte Lesezeit\" \/>\n\t<meta name=\"twitter:data1\" content=\"9\u00a0Minuten\" \/>\n<script type=\"application\/ld+json\" class=\"yoast-schema-graph\">{\"@context\":\"https:\/\/schema.org\",\"@graph\":[{\"@type\":\"WebPage\",\"@id\":\"https:\/\/www.cioff.ch\/de\/\",\"url\":\"https:\/\/www.cioff.ch\/de\/\",\"name\":\"STARTSEITE | CIOFF\u00ae Suisse\",\"isPartOf\":{\"@id\":\"https:\/\/www.cioff.ch\/de\/#website\"},\"datePublished\":\"2022-02-09T07:53:39+00:00\",\"dateModified\":\"2022-02-09T07:53:40+00:00\",\"breadcrumb\":{\"@id\":\"https:\/\/www.cioff.ch\/de\/#breadcrumb\"},\"inLanguage\":\"de\",\"potentialAction\":[{\"@type\":\"ReadAction\",\"target\":[\"https:\/\/www.cioff.ch\/de\/\"]}]},{\"@type\":\"BreadcrumbList\",\"@id\":\"https:\/\/www.cioff.ch\/de\/#breadcrumb\",\"itemListElement\":[{\"@type\":\"ListItem\",\"position\":1,\"name\":\"Accueil\",\"item\":\"https:\/\/www.cioff.ch\/de\/startseite\/\"},{\"@type\":\"ListItem\",\"position\":2,\"name\":\"STARTSEITE\"}]},{\"@type\":\"WebSite\",\"@id\":\"https:\/\/www.cioff.ch\/de\/#website\",\"url\":\"https:\/\/www.cioff.ch\/de\/\",\"name\":\"CIOFF\u00ae Suisse\",\"description\":\"Site officiel du CIOFF\u00ae Suisse\",\"publisher\":{\"@id\":\"https:\/\/www.cioff.ch\/de\/#organization\"},\"potentialAction\":[{\"@type\":\"SearchAction\",\"target\":{\"@type\":\"EntryPoint\",\"urlTemplate\":\"https:\/\/www.cioff.ch\/de\/?s={search_term_string}\"},\"query-input\":{\"@type\":\"PropertyValueSpecification\",\"valueRequired\":true,\"valueName\":\"search_term_string\"}}],\"inLanguage\":\"de\"},{\"@type\":\"Organization\",\"@id\":\"https:\/\/www.cioff.ch\/de\/#organization\",\"name\":\"CIOFF\u00ae Suisse\",\"url\":\"https:\/\/www.cioff.ch\/de\/\",\"logo\":{\"@type\":\"ImageObject\",\"inLanguage\":\"de\",\"@id\":\"https:\/\/www.cioff.ch\/de\/#\/schema\/logo\/image\/\",\"url\":\"https:\/\/www.cioff.ch\/wp-content\/uploads\/2018\/10\/CIOFF_logo_small.jpg\",\"contentUrl\":\"https:\/\/www.cioff.ch\/wp-content\/uploads\/2018\/10\/CIOFF_logo_small.jpg\",\"width\":185,\"height\":101,\"caption\":\"CIOFF\u00ae Suisse\"},\"image\":{\"@id\":\"https:\/\/www.cioff.ch\/de\/#\/schema\/logo\/image\/\"},\"sameAs\":[\"https:\/\/www.facebook.com\/CIOFFSwitzerland\/\"]}]}<\/script>\n<!-- \/ Yoast SEO plugin. -->","yoast_head_json":{"title":"STARTSEITE | CIOFF\u00ae Suisse","robots":{"index":"index","follow":"follow","max-snippet":"max-snippet:-1","max-image-preview":"max-image-preview:large","max-video-preview":"max-video-preview:-1"},"canonical":"https:\/\/www.cioff.ch\/de\/","og_locale":"de_DE","og_type":"article","og_title":"STARTSEITE | CIOFF\u00ae Suisse","og_description":"Bewahrung unseres kulturellen ErbesBewahrung unseres kulturellen ErbesBewahrung unseres kulturellen ErbesIN BEZUG AUF CIOFF\u00ae, Partner der UNESCO, ist eine internationale Kultur-NGO, die in rund 90 L\u00e4ndern aktiv ist. CIOFF\u00ae Schweiz, Gr\u00fcndungsmitglied [&hellip;]","og_url":"https:\/\/www.cioff.ch\/de\/","og_site_name":"CIOFF\u00ae Suisse","article_publisher":"https:\/\/www.facebook.com\/CIOFFSwitzerland\/","article_modified_time":"2022-02-09T07:53:40+00:00","twitter_card":"summary_large_image","twitter_misc":{"Gesch\u00e4tzte Lesezeit":"9\u00a0Minuten"},"schema":{"@context":"https:\/\/schema.org","@graph":[{"@type":"WebPage","@id":"https:\/\/www.cioff.ch\/de\/","url":"https:\/\/www.cioff.ch\/de\/","name":"STARTSEITE | CIOFF\u00ae Suisse","isPartOf":{"@id":"https:\/\/www.cioff.ch\/de\/#website"},"datePublished":"2022-02-09T07:53:39+00:00","dateModified":"2022-02-09T07:53:40+00:00","breadcrumb":{"@id":"https:\/\/www.cioff.ch\/de\/#breadcrumb"},"inLanguage":"de","potentialAction":[{"@type":"ReadAction","target":["https:\/\/www.cioff.ch\/de\/"]}]},{"@type":"BreadcrumbList","@id":"https:\/\/www.cioff.ch\/de\/#breadcrumb","itemListElement":[{"@type":"ListItem","position":1,"name":"Accueil","item":"https:\/\/www.cioff.ch\/de\/startseite\/"},{"@type":"ListItem","position":2,"name":"STARTSEITE"}]},{"@type":"WebSite","@id":"https:\/\/www.cioff.ch\/de\/#website","url":"https:\/\/www.cioff.ch\/de\/","name":"CIOFF\u00ae Suisse","description":"Site officiel du CIOFF\u00ae Suisse","publisher":{"@id":"https:\/\/www.cioff.ch\/de\/#organization"},"potentialAction":[{"@type":"SearchAction","target":{"@type":"EntryPoint","urlTemplate":"https:\/\/www.cioff.ch\/de\/?s={search_term_string}"},"query-input":{"@type":"PropertyValueSpecification","valueRequired":true,"valueName":"search_term_string"}}],"inLanguage":"de"},{"@type":"Organization","@id":"https:\/\/www.cioff.ch\/de\/#organization","name":"CIOFF\u00ae Suisse","url":"https:\/\/www.cioff.ch\/de\/","logo":{"@type":"ImageObject","inLanguage":"de","@id":"https:\/\/www.cioff.ch\/de\/#\/schema\/logo\/image\/","url":"https:\/\/www.cioff.ch\/wp-content\/uploads\/2018\/10\/CIOFF_logo_small.jpg","contentUrl":"https:\/\/www.cioff.ch\/wp-content\/uploads\/2018\/10\/CIOFF_logo_small.jpg","width":185,"height":101,"caption":"CIOFF\u00ae Suisse"},"image":{"@id":"https:\/\/www.cioff.ch\/de\/#\/schema\/logo\/image\/"},"sameAs":["https:\/\/www.facebook.com\/CIOFFSwitzerland\/"]}]}},"_links":{"self":[{"href":"https:\/\/www.cioff.ch\/de\/wp-json\/wp\/v2\/pages\/29825","targetHints":{"allow":["GET"]}}],"collection":[{"href":"https:\/\/www.cioff.ch\/de\/wp-json\/wp\/v2\/pages"}],"about":[{"href":"https:\/\/www.cioff.ch\/de\/wp-json\/wp\/v2\/types\/page"}],"author":[{"embeddable":true,"href":"https:\/\/www.cioff.ch\/de\/wp-json\/wp\/v2\/users\/1"}],"replies":[{"embeddable":true,"href":"https:\/\/www.cioff.ch\/de\/wp-json\/wp\/v2\/comments?post=29825"}],"version-history":[{"count":2,"href":"https:\/\/www.cioff.ch\/de\/wp-json\/wp\/v2\/pages\/29825\/revisions"}],"predecessor-version":[{"id":29833,"href":"https:\/\/www.cioff.ch\/de\/wp-json\/wp\/v2\/pages\/29825\/revisions\/29833"}],"wp:attachment":[{"href":"https:\/\/www.cioff.ch\/de\/wp-json\/wp\/v2\/media?parent=29825"}],"curies":[{"name":"wp","href":"https:\/\/api.w.org\/{rel}","templated":true}]}}